{"id":2,"date":"2021-02-25T17:18:36","date_gmt":"2021-02-25T16:18:36","guid":{"rendered":"http:\/\/lougormand.com\/?page_id=2"},"modified":"2021-03-30T12:07:54","modified_gmt":"2021-03-30T10:07:54","slug":"page-d-exemple","status":"publish","type":"page","link":"https:\/\/lougormand.com\/","title":{"rendered":"Accueil"},"content":{"rendered":"\t\t<div data-elementor-type=\"wp-page\" data-elementor-id=\"2\" class=\"elementor elementor-2\" data-elementor-settings=\"[]\">\n\t\t\t\t\t\t\t<div class=\"elementor-section-wrap\">\n\t\t\t\t\t\t\t<section class=\"elementor-section elementor-top-section elementor-element elementor-element-7c23ed1 elementor-section-stretched elementor-section-boxed elementor-section-height-default elementor-section-height-default\" data-id=\"7c23ed1\" data-element_type=\"section\" data-settings=\"{&quot;stretch_section&quot;:&quot;section-stretched&quot;,&quot;background_background&quot;:&quot;classic&quot;}\">\n\t\t\t\t\t\t<div class=\"elementor-container elementor-column-gap-default\">\n\t\t\t\t\t<div class=\"elementor-column elementor-col-100 elementor-top-column elementor-element elementor-element-839b8c6\" data-id=\"839b8c6\" data-element_type=\"column\">\n\t\t\t<div class=\"elementor-widget-wrap elementor-element-populated\">\n\t\t\t\t\t\t\t\t<div class=\"elementor-element elementor-element-2d93cae elementor-widget elementor-widget-heading\" data-id=\"2d93cae\" data-element_type=\"widget\" data-widget_type=\"heading.default\">\n\t\t\t\t<div class=\"elementor-widget-container\">\n\t\t\t<h2 class=\"elementor-heading-title elementor-size-default\">Ajoutez votre titre ici<\/h2>\t\t<\/div>\n\t\t\t\t<\/div>\n\t\t\t\t<div class=\"elementor-element elementor-element-0e637ed elementor-widget elementor-widget-text-editor\" data-id=\"0e637ed\" data-element_type=\"widget\" data-widget_type=\"text-editor.default\">\n\t\t\t\t<div class=\"elementor-widget-container\">\n\t\t\t\t\t<div class=\"elementor-text-editor elementor-clearfix\"><p style=\"text-align: center;\">Lorem ipsum dolor sit amet, consectetur adipiscing elit. Ut elit tellus, luctus nec ullamcorper mattis, pulvinar dapibus leo.<\/p><\/div>\n\t\t\t\t<\/div>\n\t\t\t\t<\/div>\n\t\t\t\t\t<\/div>\n\t\t<\/div>\n\t\t\t\t\t\t\t<\/div>\n\t\t<\/section>\n\t\t\t\t<section class=\"elementor-section elementor-top-section elementor-element elementor-element-9f33466 elementor-section-boxed elementor-section-height-default elementor-section-height-default\" data-id=\"9f33466\" data-element_type=\"section\">\n\t\t\t\t\t\t<div class=\"elementor-container elementor-column-gap-default\">\n\t\t\t\t\t<div class=\"elementor-column elementor-col-100 elementor-top-column elementor-element elementor-element-8e9b845\" data-id=\"8e9b845\" data-element_type=\"column\">\n\t\t\t<div class=\"elementor-widget-wrap elementor-element-populated\">\n\t\t\t\t\t\t\t\t<div class=\"elementor-element elementor-element-c0543e9 elementor-products-columns-4 elementor-products-grid elementor-wc-products elementor-widget elementor-widget-woocommerce-products\" data-id=\"c0543e9\" data-element_type=\"widget\" data-widget_type=\"woocommerce-products.default\">\n\t\t\t\t<div class=\"elementor-widget-container\">\n\t\t\t<div class=\"woocommerce columns-4 \"><ul class=\"products columns-4\">\n<li class=\"product type-product post-42 status-publish first instock product_cat-epicerie-sucree product_tag-epicerie-sucree has-post-thumbnail taxable shipping-taxable purchasable product-type-simple\">\n\t<\/li>\n<li class=\"product type-product post-10 status-publish instock product_cat-categorie-produit product_tag-etiquetage has-post-thumbnail taxable shipping-taxable purchasable product-type-simple\">\n\t<\/li>\n<\/ul>\n<\/div>\t\t<\/div>\n\t\t\t\t<\/div>\n\t\t\t\t\t<\/div>\n\t\t<\/div>\n\t\t\t\t\t\t\t<\/div>\n\t\t<\/section>\n\t\t\t\t<section class=\"elementor-section elementor-top-section elementor-element elementor-element-6c08564b elementor-section-stretched elementor-section-boxed elementor-section-height-default elementor-section-height-default\" data-id=\"6c08564b\" data-element_type=\"section\" data-settings=\"{&quot;stretch_section&quot;:&quot;section-stretched&quot;}\">\n\t\t\t\t\t\t<div class=\"elementor-container elementor-column-gap-default\">\n\t\t\t\t\t<div class=\"elementor-column elementor-col-100 elementor-top-column elementor-element elementor-element-63fb3280\" data-id=\"63fb3280\" data-element_type=\"column\">\n\t\t\t<div class=\"elementor-widget-wrap elementor-element-populated\">\n\t\t\t\t\t\t\t\t<div class=\"elementor-element elementor-element-346c1a87 elementor-widget elementor-widget-text-editor\" data-id=\"346c1a87\" data-element_type=\"widget\" data-widget_type=\"text-editor.default\">\n\t\t\t\t<div class=\"elementor-widget-container\">\n\t\t\t\t\t<div class=\"elementor-text-editor elementor-clearfix\"><!-- wp:paragraph -->\n<p>Ceci est une page d\u2019exemple. C\u2019est diff\u00e9rent d\u2019un article de blog parce qu\u2019elle restera au m\u00eame endroit et appara\u00eetra dans la navigation de votre site (dans la plupart des th\u00e8mes). La plupart des gens commencent par une page \u00ab\u00a0\u00c0 propos\u00a0\u00bb qui les pr\u00e9sente aux visiteurs du site. Cela pourrait ressembler \u00e0 quelque chose comme cela\u00a0:<\/p>\n<!-- \/wp:paragraph -->\n\n<!-- wp:quote -->\n<blockquote class=\"wp-block-quote\"><p>Bonjour\u00a0! Je suis un m\u00e9canicien qui aspire \u00e0 devenir acteur, et voici mon site. J\u2019habite \u00e0 Bordeaux, j\u2019ai un super chien baptis\u00e9 Russell, et j\u2019aime la vodka (ainsi qu\u2019\u00eatre surpris par la pluie soudaine lors de longues balades sur la plage au coucher du soleil).<\/p><\/blockquote>\n<!-- \/wp:quote -->\n\n<!-- wp:paragraph -->\n<p>&#8230;ou quelque chose comme cela\u00a0:<\/p>\n<!-- \/wp:paragraph -->\n\n<!-- wp:quote -->\n<blockquote class=\"wp-block-quote\"><p>La soci\u00e9t\u00e9 123 Machin Truc a \u00e9t\u00e9 cr\u00e9\u00e9e en 1971, et n\u2019a cess\u00e9 de proposer au public des machins-trucs de qualit\u00e9 depuis lors. Situ\u00e9e \u00e0 Saint-Remy-en-Bouzemont-Saint-Genest-et-Isson, 123 Machin Truc emploie 2 000 personnes, et fabrique toutes sortes de bidules supers pour la communaut\u00e9 bouzemontoise.<\/p><\/blockquote>\n<!-- \/wp:quote -->\n\n<!-- wp:paragraph -->\n<p>En tant que nouvel utilisateur ou utilisatrice de WordPress, vous devriez vous rendre sur <a href=\"http:\/\/lougormand.com\/wp-admin\/\">votre tableau de bord<\/a> pour supprimer cette page et cr\u00e9er de nouvelles pages pour votre contenu. Amusez-vous bien\u00a0!<\/p>\n<!-- \/wp:paragraph --><\/div>\n\t\t\t\t<\/div>\n\t\t\t\t<\/div>\n\t\t\t\t\t<\/div>\n\t\t<\/div>\n\t\t\t\t\t\t\t<\/div>\n\t\t<\/section>\n\t\t\t\t<section class=\"elementor-section elementor-top-section elementor-element elementor-element-4dcf5de elementor-section-boxed elementor-section-height-default elementor-section-height-default\" data-id=\"4dcf5de\" data-element_type=\"section\">\n\t\t\t\t\t\t<div class=\"elementor-container elementor-column-gap-default\">\n\t\t\t\t\t<div class=\"elementor-column elementor-col-33 elementor-top-column elementor-element elementor-element-546285f\" data-id=\"546285f\" data-element_type=\"column\">\n\t\t\t<div class=\"elementor-widget-wrap elementor-element-populated\">\n\t\t\t\t\t\t\t\t<div class=\"elementor-element elementor-element-afc4077 elementor-widget elementor-widget-image\" data-id=\"afc4077\" data-element_type=\"widget\" data-widget_type=\"image.default\">\n\t\t\t\t<div class=\"elementor-widget-container\">\n\t\t\t\t\t<div class=\"elementor-image\">\n\t\t\t\t\t\t\t\t\t\t<img width=\"883\" height=\"493\" src=\"https:\/\/lougormand.com\/wp-content\/uploads\/2021\/03\/Payplug.png\" class=\"attachment-large size-large\" alt=\"\" loading=\"lazy\" srcset=\"https:\/\/lougormand.com\/wp-content\/uploads\/2021\/03\/Payplug.png 883w, https:\/\/lougormand.com\/wp-content\/uploads\/2021\/03\/Payplug-300x167.png 300w, https:\/\/lougormand.com\/wp-content\/uploads\/2021\/03\/Payplug-768x429.png 768w, https:\/\/lougormand.com\/wp-content\/uploads\/2021\/03\/Payplug-416x232.png 416w\" sizes=\"(max-width: 883px) 100vw, 883px\" \/>\t\t\t\t\t\t\t\t\t\t\t<\/div>\n\t\t\t\t<\/div>\n\t\t\t\t<\/div>\n\t\t\t\t\t<\/div>\n\t\t<\/div>\n\t\t\t\t<div class=\"elementor-column elementor-col-33 elementor-top-column elementor-element elementor-element-3d6cbc8\" data-id=\"3d6cbc8\" data-element_type=\"column\">\n\t\t\t<div class=\"elementor-widget-wrap elementor-element-populated\">\n\t\t\t\t\t\t\t\t<div class=\"elementor-element elementor-element-6ce997a elementor-widget elementor-widget-image\" data-id=\"6ce997a\" data-element_type=\"widget\" data-widget_type=\"image.default\">\n\t\t\t\t<div class=\"elementor-widget-container\">\n\t\t\t\t\t<div class=\"elementor-image\">\n\t\t\t\t\t\t\t\t\t\t<img width=\"512\" height=\"512\" src=\"https:\/\/lougormand.com\/wp-content\/uploads\/2021\/02\/cropped-LOU-GORMAND-350-scaled-2.jpg\" class=\"attachment-large size-large\" alt=\"\" loading=\"lazy\" srcset=\"https:\/\/lougormand.com\/wp-content\/uploads\/2021\/02\/cropped-LOU-GORMAND-350-scaled-2.jpg 512w, https:\/\/lougormand.com\/wp-content\/uploads\/2021\/02\/cropped-LOU-GORMAND-350-scaled-2-300x300.jpg 300w, https:\/\/lougormand.com\/wp-content\/uploads\/2021\/02\/cropped-LOU-GORMAND-350-scaled-2-150x150.jpg 150w, https:\/\/lougormand.com\/wp-content\/uploads\/2021\/02\/cropped-LOU-GORMAND-350-scaled-2-324x324.jpg 324w, https:\/\/lougormand.com\/wp-content\/uploads\/2021\/02\/cropped-LOU-GORMAND-350-scaled-2-416x416.jpg 416w, https:\/\/lougormand.com\/wp-content\/uploads\/2021\/02\/cropped-LOU-GORMAND-350-scaled-2-100x100.jpg 100w, https:\/\/lougormand.com\/wp-content\/uploads\/2021\/02\/cropped-LOU-GORMAND-350-scaled-2-270x270.jpg 270w, https:\/\/lougormand.com\/wp-content\/uploads\/2021\/02\/cropped-LOU-GORMAND-350-scaled-2-192x192.jpg 192w, https:\/\/lougormand.com\/wp-content\/uploads\/2021\/02\/cropped-LOU-GORMAND-350-scaled-2-180x180.jpg 180w, https:\/\/lougormand.com\/wp-content\/uploads\/2021\/02\/cropped-LOU-GORMAND-350-scaled-2-32x32.jpg 32w\" sizes=\"(max-width: 512px) 100vw, 512px\" \/>\t\t\t\t\t\t\t\t\t\t\t<\/div>\n\t\t\t\t<\/div>\n\t\t\t\t<\/div>\n\t\t\t\t\t<\/div>\n\t\t<\/div>\n\t\t\t\t<div class=\"elementor-column elementor-col-33 elementor-top-column elementor-element elementor-element-79f59d2\" data-id=\"79f59d2\" data-element_type=\"column\">\n\t\t\t<div class=\"elementor-widget-wrap elementor-element-populated\">\n\t\t\t\t\t\t\t\t<div class=\"elementor-element elementor-element-b0aa79c elementor-widget elementor-widget-image\" data-id=\"b0aa79c\" data-element_type=\"widget\" data-widget_type=\"image.default\">\n\t\t\t\t<div class=\"elementor-widget-container\">\n\t\t\t\t\t<div class=\"elementor-image\">\n\t\t\t\t\t\t\t\t\t\t<img width=\"750\" height=\"1000\" src=\"https:\/\/lougormand.com\/wp-content\/uploads\/2021\/03\/nourish-food-beurre-cacahuetes.jpg\" class=\"attachment-large size-large\" alt=\"Beurre Cacahu\u00e8tes Nourish Food\" loading=\"lazy\" srcset=\"https:\/\/lougormand.com\/wp-content\/uploads\/2021\/03\/nourish-food-beurre-cacahuetes.jpg 750w, https:\/\/lougormand.com\/wp-content\/uploads\/2021\/03\/nourish-food-beurre-cacahuetes-225x300.jpg 225w, https:\/\/lougormand.com\/wp-content\/uploads\/2021\/03\/nourish-food-beurre-cacahuetes-416x555.jpg 416w\" sizes=\"(max-width: 750px) 100vw, 750px\" \/>\t\t\t\t\t\t\t\t\t\t\t<\/div>\n\t\t\t\t<\/div>\n\t\t\t\t<\/div>\n\t\t\t\t\t<\/div>\n\t\t<\/div>\n\t\t\t\t\t\t\t<\/div>\n\t\t<\/section>\n\t\t\t\t\t\t<\/div>\n\t\t\t\t\t<\/div>\n\t\t","protected":false},"excerpt":{"rendered":"<p>Ajoutez votre titre ici Lorem ipsum dolor sit amet, consectetur adipiscing elit. Ut elit tellus, luctus nec ullamcorper mattis, pulvinar dapibus leo. Ceci est une page d\u2019exemple. C\u2019est diff\u00e9rent d\u2019un article de blog parce qu\u2019elle restera au m\u00eame endroit et appara\u00eetra dans la navigation de votre site (dans la plupart des th\u00e8mes). La plupart des [&hellip;]<\/p>\n","protected":false},"author":1,"featured_media":0,"parent":0,"menu_order":0,"comment_status":"closed","ping_status":"open","template":"","meta":[],"yoast_head":"<!-- This site is optimized with the Yoast SEO plugin v16.1 - https:\/\/yoast.com\/wordpress\/plugins\/seo\/ -->\n<title>Accueil - Lou Gormand<\/title>\n<meta property=\"og:locale\" content=\"fr_FR\" \/>\n<meta property=\"og:type\" content=\"article\" \/>\n<meta property=\"og:title\" content=\"Accueil - Lou Gormand\" \/>\n<meta property=\"og:description\" content=\"Ajoutez votre titre ici Lorem ipsum dolor sit amet, consectetur adipiscing elit. Ut elit tellus, luctus nec ullamcorper mattis, pulvinar dapibus leo. Ceci est une page d\u2019exemple. C\u2019est diff\u00e9rent d\u2019un article de blog parce qu\u2019elle restera au m\u00eame endroit et appara\u00eetra dans la navigation de votre site (dans la plupart des th\u00e8mes). La plupart des [&hellip;]\" \/>\n<meta property=\"og:url\" content=\"https:\/\/lougormand.com\/\" \/>\n<meta property=\"og:site_name\" content=\"Lou Gormand\" \/>\n<meta property=\"article:modified_time\" content=\"2021-03-30T10:07:54+00:00\" \/>\n<meta property=\"og:image\" content=\"https:\/\/lougormand.com\/wp-content\/uploads\/2021\/03\/Payplug.png\" \/>\n<meta name=\"twitter:card\" content=\"summary_large_image\" \/>\n<meta name=\"twitter:label1\" content=\"Dur\u00e9e de lecture est.\">\n\t<meta name=\"twitter:data1\" content=\"2 minutes\">\n<script type=\"application\/ld+json\" class=\"yoast-schema-graph\">{\"@context\":\"https:\/\/schema.org\",\"@graph\":[{\"@type\":\"WebSite\",\"@id\":\"https:\/\/lougormand.com\/#website\",\"url\":\"https:\/\/lougormand.com\/\",\"name\":\"Lou Gormand\",\"description\":\"Epicerie Landaise en circuit court\",\"potentialAction\":[{\"@type\":\"SearchAction\",\"target\":\"https:\/\/lougormand.com\/?s={search_term_string}\",\"query-input\":\"required name=search_term_string\"}],\"inLanguage\":\"fr-FR\"},{\"@type\":\"ImageObject\",\"@id\":\"https:\/\/lougormand.com\/#primaryimage\",\"inLanguage\":\"fr-FR\",\"url\":\"https:\/\/lougormand.com\/wp-content\/uploads\/2021\/03\/Payplug.png\",\"contentUrl\":\"https:\/\/lougormand.com\/wp-content\/uploads\/2021\/03\/Payplug.png\",\"width\":883,\"height\":493},{\"@type\":\"WebPage\",\"@id\":\"https:\/\/lougormand.com\/#webpage\",\"url\":\"https:\/\/lougormand.com\/\",\"name\":\"Accueil - Lou Gormand\",\"isPartOf\":{\"@id\":\"https:\/\/lougormand.com\/#website\"},\"primaryImageOfPage\":{\"@id\":\"https:\/\/lougormand.com\/#primaryimage\"},\"datePublished\":\"2021-02-25T16:18:36+00:00\",\"dateModified\":\"2021-03-30T10:07:54+00:00\",\"breadcrumb\":{\"@id\":\"https:\/\/lougormand.com\/#breadcrumb\"},\"inLanguage\":\"fr-FR\",\"potentialAction\":[{\"@type\":\"ReadAction\",\"target\":[\"https:\/\/lougormand.com\/\"]}]},{\"@type\":\"BreadcrumbList\",\"@id\":\"https:\/\/lougormand.com\/#breadcrumb\",\"itemListElement\":[{\"@type\":\"ListItem\",\"position\":1,\"item\":{\"@type\":\"WebPage\",\"@id\":\"https:\/\/lougormand.com\/\",\"url\":\"https:\/\/lougormand.com\/\",\"name\":\"Accueil\"}},{\"@type\":\"ListItem\",\"position\":2,\"item\":{\"@type\":\"WebPage\",\"@id\":\"https:\/\/lougormand.com\/\",\"url\":\"https:\/\/lougormand.com\/\",\"name\":\"Accueil\"}}]}]}<\/script>\n<!-- \/ Yoast SEO plugin. -->","_links":{"self":[{"href":"https:\/\/lougormand.com\/index.php\/wp-json\/wp\/v2\/pages\/2"}],"collection":[{"href":"https:\/\/lougormand.com\/index.php\/wp-json\/wp\/v2\/pages"}],"about":[{"href":"https:\/\/lougormand.com\/index.php\/wp-json\/wp\/v2\/types\/page"}],"author":[{"embeddable":true,"href":"https:\/\/lougormand.com\/index.php\/wp-json\/wp\/v2\/users\/1"}],"replies":[{"embeddable":true,"href":"https:\/\/lougormand.com\/index.php\/wp-json\/wp\/v2\/comments?post=2"}],"version-history":[{"count":16,"href":"https:\/\/lougormand.com\/index.php\/wp-json\/wp\/v2\/pages\/2\/revisions"}],"predecessor-version":[{"id":70,"href":"https:\/\/lougormand.com\/index.php\/wp-json\/wp\/v2\/pages\/2\/revisions\/70"}],"wp:attachment":[{"href":"https:\/\/lougormand.com\/index.php\/wp-json\/wp\/v2\/media?parent=2"}],"curies":[{"name":"wp","href":"https:\/\/api.w.org\/{rel}","templated":true}]}}